{"id":26638,"date":"2024-11-14T04:40:01","date_gmt":"2024-11-14T04:40:01","guid":{"rendered":"https:\/\/alanyarealty.com\/turkiskt-medborgarskap\/"},"modified":"2025-01-11T09:35:35","modified_gmt":"2025-01-11T09:35:35","slug":"turkiskt-medborgarskap","status":"publish","type":"page","link":"https:\/\/alanyarealty.com\/sv\/turkiskt-medborgarskap\/","title":{"rendered":"Turkiskt medborgarskap"},"content":{"rendered":"","protected":false},"excerpt":{"rendered":"","protected":false},"author":1,"featured_media":27440,"parent":0,"menu_order":0,"comment_status":"closed","ping_status":"closed","template":"template\/property-listings-map.php","meta":{"footnotes":""},"class_list":["post-26638","page","type-page","status-publish","has-post-thumbnail","hentry"],"yoast_head":"<!-- This site is optimized with the Yoast SEO plugin v27.3 - https:\/\/yoast.com\/product\/yoast-seo-wordpress\/ -->\n<title>Turkiskt medborgarskap - Real Estate and Investment in Turkey - Alanya Realty<\/title>\n<meta name=\"description\" content=\"Turkiskt medborgarskap K\u00f6pa fastigheter i Turkiet: En steg-f\u00f6r-steg-guide till turkiskt medborgarskapL\u00e4r dig hur du k\u00f6per fastigheter i Turkiet\" \/>\n<meta name=\"robots\" content=\"index, follow, max-snippet:-1, max-image-preview:large, max-video-preview:-1\" \/>\n<link rel=\"canonical\" href=\"https:\/\/alanyarealty.com\/sv\/turkiskt-medborgarskap\/\" \/>\n<meta property=\"og:locale\" content=\"sv_SE\" \/>\n<meta property=\"og:type\" content=\"article\" \/>\n<meta property=\"og:title\" content=\"Turkiskt medborgarskap - Real Estate and Investment in Turkey - Alanya Realty\" \/>\n<meta property=\"og:description\" content=\"Turkiskt medborgarskap K\u00f6pa fastigheter i Turkiet: En steg-f\u00f6r-steg-guide till turkiskt medborgarskapL\u00e4r dig hur du k\u00f6per fastigheter i Turkiet\" \/>\n<meta property=\"og:url\" content=\"https:\/\/alanyarealty.com\/sv\/turkiskt-medborgarskap\/\" \/>\n<meta property=\"og:site_name\" content=\"Real Estate and Investment in Turkey - Alanya Realty\" \/>\n<meta property=\"article:modified_time\" content=\"2025-01-11T09:35:35+00:00\" \/>\n<meta property=\"og:image\" content=\"https:\/\/i0.wp.com\/alanyarealty.com\/wp-content\/uploads\/2025\/01\/pasport-resmi-olsun.png?fit=1024%2C768&ssl=1\" \/>\n\t<meta property=\"og:image:width\" content=\"1024\" \/>\n\t<meta property=\"og:image:height\" content=\"768\" \/>\n\t<meta property=\"og:image:type\" content=\"image\/png\" \/>\n<meta name=\"twitter:card\" content=\"summary_large_image\" \/>\n<script type=\"application\/ld+json\" class=\"yoast-schema-graph\">{\"@context\":\"https:\\\/\\\/schema.org\",\"@graph\":[{\"@type\":\"WebPage\",\"@id\":\"https:\\\/\\\/alanyarealty.com\\\/sv\\\/turkiskt-medborgarskap\\\/\",\"url\":\"https:\\\/\\\/alanyarealty.com\\\/sv\\\/turkiskt-medborgarskap\\\/\",\"name\":\"Turkiskt medborgarskap - Real Estate and Investment in Turkey - Alanya Realty\",\"isPartOf\":{\"@id\":\"https:\\\/\\\/alanyarealty.com\\\/sv\\\/#website\"},\"primaryImageOfPage\":{\"@id\":\"https:\\\/\\\/alanyarealty.com\\\/sv\\\/turkiskt-medborgarskap\\\/#primaryimage\"},\"image\":{\"@id\":\"https:\\\/\\\/alanyarealty.com\\\/sv\\\/turkiskt-medborgarskap\\\/#primaryimage\"},\"thumbnailUrl\":\"https:\\\/\\\/i0.wp.com\\\/alanyarealty.com\\\/wp-content\\\/uploads\\\/2025\\\/01\\\/pasport-resmi-olsun.png?fit=1024%2C768&ssl=1\",\"datePublished\":\"2024-11-14T04:40:01+00:00\",\"dateModified\":\"2025-01-11T09:35:35+00:00\",\"description\":\"Turkiskt medborgarskap K\u00f6pa fastigheter i Turkiet: En steg-f\u00f6r-steg-guide till turkiskt medborgarskapL\u00e4r dig hur du k\u00f6per fastigheter i Turkiet\",\"breadcrumb\":{\"@id\":\"https:\\\/\\\/alanyarealty.com\\\/sv\\\/turkiskt-medborgarskap\\\/#breadcrumb\"},\"inLanguage\":\"sv-SE\",\"potentialAction\":[{\"@type\":\"ReadAction\",\"target\":[\"https:\\\/\\\/alanyarealty.com\\\/sv\\\/turkiskt-medborgarskap\\\/\"]}]},{\"@type\":\"ImageObject\",\"inLanguage\":\"sv-SE\",\"@id\":\"https:\\\/\\\/alanyarealty.com\\\/sv\\\/turkiskt-medborgarskap\\\/#primaryimage\",\"url\":\"https:\\\/\\\/i0.wp.com\\\/alanyarealty.com\\\/wp-content\\\/uploads\\\/2025\\\/01\\\/pasport-resmi-olsun.png?fit=1024%2C768&ssl=1\",\"contentUrl\":\"https:\\\/\\\/i0.wp.com\\\/alanyarealty.com\\\/wp-content\\\/uploads\\\/2025\\\/01\\\/pasport-resmi-olsun.png?fit=1024%2C768&ssl=1\",\"width\":1024,\"height\":768},{\"@type\":\"BreadcrumbList\",\"@id\":\"https:\\\/\\\/alanyarealty.com\\\/sv\\\/turkiskt-medborgarskap\\\/#breadcrumb\",\"itemListElement\":[{\"@type\":\"ListItem\",\"position\":1,\"name\":\"Hem\",\"item\":\"https:\\\/\\\/alanyarealty.com\\\/sv\\\/hemsida\\\/\"},{\"@type\":\"ListItem\",\"position\":2,\"name\":\"Turkiskt medborgarskap\"}]},{\"@type\":\"WebSite\",\"@id\":\"https:\\\/\\\/alanyarealty.com\\\/sv\\\/#website\",\"url\":\"https:\\\/\\\/alanyarealty.com\\\/sv\\\/\",\"name\":\"Real Estate and Investment in Turkey - Alanya Realty\",\"description\":\"\",\"publisher\":{\"@id\":\"https:\\\/\\\/alanyarealty.com\\\/sv\\\/#organization\"},\"potentialAction\":[{\"@type\":\"SearchAction\",\"target\":{\"@type\":\"EntryPoint\",\"urlTemplate\":\"https:\\\/\\\/alanyarealty.com\\\/sv\\\/?s={search_term_string}\"},\"query-input\":{\"@type\":\"PropertyValueSpecification\",\"valueRequired\":true,\"valueName\":\"search_term_string\"}}],\"inLanguage\":\"sv-SE\"},{\"@type\":\"Organization\",\"@id\":\"https:\\\/\\\/alanyarealty.com\\\/sv\\\/#organization\",\"name\":\"Fastigheter och investeringar i Turkiet - Alanya Realty\",\"url\":\"https:\\\/\\\/alanyarealty.com\\\/sv\\\/\",\"logo\":{\"@type\":\"ImageObject\",\"inLanguage\":\"sv-SE\",\"@id\":\"https:\\\/\\\/alanyarealty.com\\\/sv\\\/#\\\/schema\\\/logo\\\/image\\\/\",\"url\":\"https:\\\/\\\/i0.wp.com\\\/alanyarealty.com\\\/wp-content\\\/uploads\\\/2024\\\/11\\\/alanyarealty-logo.png?fit=300%2C113&ssl=1\",\"contentUrl\":\"https:\\\/\\\/i0.wp.com\\\/alanyarealty.com\\\/wp-content\\\/uploads\\\/2024\\\/11\\\/alanyarealty-logo.png?fit=300%2C113&ssl=1\",\"width\":300,\"height\":113,\"caption\":\"Fastigheter och investeringar i Turkiet - Alanya Realty\"},\"image\":{\"@id\":\"https:\\\/\\\/alanyarealty.com\\\/sv\\\/#\\\/schema\\\/logo\\\/image\\\/\"}}]}<\/script>\n<!-- \/ Yoast SEO plugin. -->","yoast_head_json":{"title":"Turkiskt medborgarskap - Real Estate and Investment in Turkey - Alanya Realty","description":"Turkiskt medborgarskap K\u00f6pa fastigheter i Turkiet: En steg-f\u00f6r-steg-guide till turkiskt medborgarskapL\u00e4r dig hur du k\u00f6per fastigheter i Turkiet","robots":{"index":"index","follow":"follow","max-snippet":"max-snippet:-1","max-image-preview":"max-image-preview:large","max-video-preview":"max-video-preview:-1"},"canonical":"https:\/\/alanyarealty.com\/sv\/turkiskt-medborgarskap\/","og_locale":"sv_SE","og_type":"article","og_title":"Turkiskt medborgarskap - Real Estate and Investment in Turkey - Alanya Realty","og_description":"Turkiskt medborgarskap K\u00f6pa fastigheter i Turkiet: En steg-f\u00f6r-steg-guide till turkiskt medborgarskapL\u00e4r dig hur du k\u00f6per fastigheter i Turkiet","og_url":"https:\/\/alanyarealty.com\/sv\/turkiskt-medborgarskap\/","og_site_name":"Real Estate and Investment in Turkey - Alanya Realty","article_modified_time":"2025-01-11T09:35:35+00:00","og_image":[{"width":1024,"height":768,"url":"https:\/\/i0.wp.com\/alanyarealty.com\/wp-content\/uploads\/2025\/01\/pasport-resmi-olsun.png?fit=1024%2C768&ssl=1","type":"image\/png"}],"twitter_card":"summary_large_image","schema":{"@context":"https:\/\/schema.org","@graph":[{"@type":"WebPage","@id":"https:\/\/alanyarealty.com\/sv\/turkiskt-medborgarskap\/","url":"https:\/\/alanyarealty.com\/sv\/turkiskt-medborgarskap\/","name":"Turkiskt medborgarskap - Real Estate and Investment in Turkey - Alanya Realty","isPartOf":{"@id":"https:\/\/alanyarealty.com\/sv\/#website"},"primaryImageOfPage":{"@id":"https:\/\/alanyarealty.com\/sv\/turkiskt-medborgarskap\/#primaryimage"},"image":{"@id":"https:\/\/alanyarealty.com\/sv\/turkiskt-medborgarskap\/#primaryimage"},"thumbnailUrl":"https:\/\/i0.wp.com\/alanyarealty.com\/wp-content\/uploads\/2025\/01\/pasport-resmi-olsun.png?fit=1024%2C768&ssl=1","datePublished":"2024-11-14T04:40:01+00:00","dateModified":"2025-01-11T09:35:35+00:00","description":"Turkiskt medborgarskap K\u00f6pa fastigheter i Turkiet: En steg-f\u00f6r-steg-guide till turkiskt medborgarskapL\u00e4r dig hur du k\u00f6per fastigheter i Turkiet","breadcrumb":{"@id":"https:\/\/alanyarealty.com\/sv\/turkiskt-medborgarskap\/#breadcrumb"},"inLanguage":"sv-SE","potentialAction":[{"@type":"ReadAction","target":["https:\/\/alanyarealty.com\/sv\/turkiskt-medborgarskap\/"]}]},{"@type":"ImageObject","inLanguage":"sv-SE","@id":"https:\/\/alanyarealty.com\/sv\/turkiskt-medborgarskap\/#primaryimage","url":"https:\/\/i0.wp.com\/alanyarealty.com\/wp-content\/uploads\/2025\/01\/pasport-resmi-olsun.png?fit=1024%2C768&ssl=1","contentUrl":"https:\/\/i0.wp.com\/alanyarealty.com\/wp-content\/uploads\/2025\/01\/pasport-resmi-olsun.png?fit=1024%2C768&ssl=1","width":1024,"height":768},{"@type":"BreadcrumbList","@id":"https:\/\/alanyarealty.com\/sv\/turkiskt-medborgarskap\/#breadcrumb","itemListElement":[{"@type":"ListItem","position":1,"name":"Hem","item":"https:\/\/alanyarealty.com\/sv\/hemsida\/"},{"@type":"ListItem","position":2,"name":"Turkiskt medborgarskap"}]},{"@type":"WebSite","@id":"https:\/\/alanyarealty.com\/sv\/#website","url":"https:\/\/alanyarealty.com\/sv\/","name":"Real Estate and Investment in Turkey - Alanya Realty","description":"","publisher":{"@id":"https:\/\/alanyarealty.com\/sv\/#organization"},"potentialAction":[{"@type":"SearchAction","target":{"@type":"EntryPoint","urlTemplate":"https:\/\/alanyarealty.com\/sv\/?s={search_term_string}"},"query-input":{"@type":"PropertyValueSpecification","valueRequired":true,"valueName":"search_term_string"}}],"inLanguage":"sv-SE"},{"@type":"Organization","@id":"https:\/\/alanyarealty.com\/sv\/#organization","name":"Fastigheter och investeringar i Turkiet - Alanya Realty","url":"https:\/\/alanyarealty.com\/sv\/","logo":{"@type":"ImageObject","inLanguage":"sv-SE","@id":"https:\/\/alanyarealty.com\/sv\/#\/schema\/logo\/image\/","url":"https:\/\/i0.wp.com\/alanyarealty.com\/wp-content\/uploads\/2024\/11\/alanyarealty-logo.png?fit=300%2C113&ssl=1","contentUrl":"https:\/\/i0.wp.com\/alanyarealty.com\/wp-content\/uploads\/2024\/11\/alanyarealty-logo.png?fit=300%2C113&ssl=1","width":300,"height":113,"caption":"Fastigheter och investeringar i Turkiet - Alanya Realty"},"image":{"@id":"https:\/\/alanyarealty.com\/sv\/#\/schema\/logo\/image\/"}}]}},"jetpack_sharing_enabled":true,"jetpack_likes_enabled":true,"_links":{"self":[{"href":"https:\/\/alanyarealty.com\/sv\/wp-json\/wp\/v2\/pages\/26638","targetHints":{"allow":["GET"]}}],"collection":[{"href":"https:\/\/alanyarealty.com\/sv\/wp-json\/wp\/v2\/pages"}],"about":[{"href":"https:\/\/alanyarealty.com\/sv\/wp-json\/wp\/v2\/types\/page"}],"author":[{"embeddable":true,"href":"https:\/\/alanyarealty.com\/sv\/wp-json\/wp\/v2\/users\/1"}],"replies":[{"embeddable":true,"href":"https:\/\/alanyarealty.com\/sv\/wp-json\/wp\/v2\/comments?post=26638"}],"version-history":[{"count":3,"href":"https:\/\/alanyarealty.com\/sv\/wp-json\/wp\/v2\/pages\/26638\/revisions"}],"predecessor-version":[{"id":27652,"href":"https:\/\/alanyarealty.com\/sv\/wp-json\/wp\/v2\/pages\/26638\/revisions\/27652"}],"wp:featuredmedia":[{"embeddable":true,"href":"https:\/\/alanyarealty.com\/sv\/wp-json\/wp\/v2\/media\/27440"}],"wp:attachment":[{"href":"https:\/\/alanyarealty.com\/sv\/wp-json\/wp\/v2\/media?parent=26638"}],"curies":[{"name":"wp","href":"https:\/\/api.w.org\/{rel}","templated":true}]}}