{"id":26643,"date":"2024-11-14T04:40:01","date_gmt":"2024-11-14T04:40:01","guid":{"rendered":"https:\/\/alanyarealty.com\/tuerkische-staatsbuergerschaft\/"},"modified":"2025-01-11T09:35:38","modified_gmt":"2025-01-11T09:35:38","slug":"tuerkische-staatsbuergerschaft","status":"publish","type":"page","link":"https:\/\/alanyarealty.com\/de\/tuerkische-staatsbuergerschaft\/","title":{"rendered":"T\u00fcrkische Staatsb\u00fcrgerschaft"},"content":{"rendered":"","protected":false},"excerpt":{"rendered":"","protected":false},"author":1,"featured_media":27438,"parent":0,"menu_order":0,"comment_status":"closed","ping_status":"closed","template":"template\/property-listings-map.php","meta":{"footnotes":""},"class_list":["post-26643","page","type-page","status-publish","has-post-thumbnail","hentry"],"yoast_head":"<!-- This site is optimized with the Yoast SEO plugin v27.3 - https:\/\/yoast.com\/product\/yoast-seo-wordpress\/ -->\n<title>T\u00fcrkische Staatsb\u00fcrgerschaft - Real Estate and Investment in Turkey - Alanya Realty<\/title>\n<meta name=\"description\" content=\"T\u00fcrkische Staatsb\u00fcrgerschaft Immobilienkauf in der T\u00fcrkei: Ein Schritt-f\u00fcr-Schritt-Leitfaden zur t\u00fcrkischen Staatsb\u00fcrgerschaftErfahren Sie, wie Sie in der T\u00fcrkei Immobilien kaufen k\u00f6nnen\" \/>\n<meta name=\"robots\" content=\"index, follow, max-snippet:-1, max-image-preview:large, max-video-preview:-1\" \/>\n<link rel=\"canonical\" href=\"https:\/\/alanyarealty.com\/de\/tuerkische-staatsbuergerschaft\/\" \/>\n<meta property=\"og:locale\" content=\"de_DE\" \/>\n<meta property=\"og:type\" content=\"article\" \/>\n<meta property=\"og:title\" content=\"T\u00fcrkische Staatsb\u00fcrgerschaft - Real Estate and Investment in Turkey - Alanya Realty\" \/>\n<meta property=\"og:description\" content=\"T\u00fcrkische Staatsb\u00fcrgerschaft Immobilienkauf in der T\u00fcrkei: Ein Schritt-f\u00fcr-Schritt-Leitfaden zur t\u00fcrkischen Staatsb\u00fcrgerschaftErfahren Sie, wie Sie in der T\u00fcrkei Immobilien kaufen k\u00f6nnen\" \/>\n<meta property=\"og:url\" content=\"https:\/\/alanyarealty.com\/de\/tuerkische-staatsbuergerschaft\/\" \/>\n<meta property=\"og:site_name\" content=\"Real Estate and Investment in Turkey - Alanya Realty\" \/>\n<meta property=\"article:modified_time\" content=\"2025-01-11T09:35:38+00:00\" \/>\n<meta property=\"og:image\" content=\"https:\/\/i0.wp.com\/alanyarealty.com\/wp-content\/uploads\/2025\/01\/pasport-resmi-olsun.png?fit=1024%2C768&ssl=1\" \/>\n\t<meta property=\"og:image:width\" content=\"1024\" \/>\n\t<meta property=\"og:image:height\" content=\"768\" \/>\n\t<meta property=\"og:image:type\" content=\"image\/png\" \/>\n<meta name=\"twitter:card\" content=\"summary_large_image\" \/>\n<script type=\"application\/ld+json\" class=\"yoast-schema-graph\">{\"@context\":\"https:\\\/\\\/schema.org\",\"@graph\":[{\"@type\":\"WebPage\",\"@id\":\"https:\\\/\\\/alanyarealty.com\\\/de\\\/tuerkische-staatsbuergerschaft\\\/\",\"url\":\"https:\\\/\\\/alanyarealty.com\\\/de\\\/tuerkische-staatsbuergerschaft\\\/\",\"name\":\"T\u00fcrkische Staatsb\u00fcrgerschaft - Real Estate and Investment in Turkey - Alanya Realty\",\"isPartOf\":{\"@id\":\"https:\\\/\\\/alanyarealty.com\\\/de\\\/#website\"},\"primaryImageOfPage\":{\"@id\":\"https:\\\/\\\/alanyarealty.com\\\/de\\\/tuerkische-staatsbuergerschaft\\\/#primaryimage\"},\"image\":{\"@id\":\"https:\\\/\\\/alanyarealty.com\\\/de\\\/tuerkische-staatsbuergerschaft\\\/#primaryimage\"},\"thumbnailUrl\":\"https:\\\/\\\/i0.wp.com\\\/alanyarealty.com\\\/wp-content\\\/uploads\\\/2025\\\/01\\\/pasport-resmi-olsun.png?fit=1024%2C768&ssl=1\",\"datePublished\":\"2024-11-14T04:40:01+00:00\",\"dateModified\":\"2025-01-11T09:35:38+00:00\",\"description\":\"T\u00fcrkische Staatsb\u00fcrgerschaft Immobilienkauf in der T\u00fcrkei: Ein Schritt-f\u00fcr-Schritt-Leitfaden zur t\u00fcrkischen Staatsb\u00fcrgerschaftErfahren Sie, wie Sie in der T\u00fcrkei Immobilien kaufen k\u00f6nnen\",\"breadcrumb\":{\"@id\":\"https:\\\/\\\/alanyarealty.com\\\/de\\\/tuerkische-staatsbuergerschaft\\\/#breadcrumb\"},\"inLanguage\":\"de\",\"potentialAction\":[{\"@type\":\"ReadAction\",\"target\":[\"https:\\\/\\\/alanyarealty.com\\\/de\\\/tuerkische-staatsbuergerschaft\\\/\"]}]},{\"@type\":\"ImageObject\",\"inLanguage\":\"de\",\"@id\":\"https:\\\/\\\/alanyarealty.com\\\/de\\\/tuerkische-staatsbuergerschaft\\\/#primaryimage\",\"url\":\"https:\\\/\\\/i0.wp.com\\\/alanyarealty.com\\\/wp-content\\\/uploads\\\/2025\\\/01\\\/pasport-resmi-olsun.png?fit=1024%2C768&ssl=1\",\"contentUrl\":\"https:\\\/\\\/i0.wp.com\\\/alanyarealty.com\\\/wp-content\\\/uploads\\\/2025\\\/01\\\/pasport-resmi-olsun.png?fit=1024%2C768&ssl=1\",\"width\":1024,\"height\":768},{\"@type\":\"BreadcrumbList\",\"@id\":\"https:\\\/\\\/alanyarealty.com\\\/de\\\/tuerkische-staatsbuergerschaft\\\/#breadcrumb\",\"itemListElement\":[{\"@type\":\"ListItem\",\"position\":1,\"name\":\"Startseite\",\"item\":\"https:\\\/\\\/alanyarealty.com\\\/de\\\/homepage\\\/\"},{\"@type\":\"ListItem\",\"position\":2,\"name\":\"T\u00fcrkische Staatsb\u00fcrgerschaft\"}]},{\"@type\":\"WebSite\",\"@id\":\"https:\\\/\\\/alanyarealty.com\\\/de\\\/#website\",\"url\":\"https:\\\/\\\/alanyarealty.com\\\/de\\\/\",\"name\":\"Real Estate and Investment in Turkey - Alanya Realty\",\"description\":\"\",\"publisher\":{\"@id\":\"https:\\\/\\\/alanyarealty.com\\\/de\\\/#organization\"},\"potentialAction\":[{\"@type\":\"SearchAction\",\"target\":{\"@type\":\"EntryPoint\",\"urlTemplate\":\"https:\\\/\\\/alanyarealty.com\\\/de\\\/?s={search_term_string}\"},\"query-input\":{\"@type\":\"PropertyValueSpecification\",\"valueRequired\":true,\"valueName\":\"search_term_string\"}}],\"inLanguage\":\"de\"},{\"@type\":\"Organization\",\"@id\":\"https:\\\/\\\/alanyarealty.com\\\/de\\\/#organization\",\"name\":\"Immobilien und Investitionen in der T\u00fcrkei - Alanya Realty\",\"url\":\"https:\\\/\\\/alanyarealty.com\\\/de\\\/\",\"logo\":{\"@type\":\"ImageObject\",\"inLanguage\":\"de\",\"@id\":\"https:\\\/\\\/alanyarealty.com\\\/de\\\/#\\\/schema\\\/logo\\\/image\\\/\",\"url\":\"https:\\\/\\\/i0.wp.com\\\/alanyarealty.com\\\/wp-content\\\/uploads\\\/2024\\\/11\\\/alanyarealty-logo.png?fit=300%2C113&ssl=1\",\"contentUrl\":\"https:\\\/\\\/i0.wp.com\\\/alanyarealty.com\\\/wp-content\\\/uploads\\\/2024\\\/11\\\/alanyarealty-logo.png?fit=300%2C113&ssl=1\",\"width\":300,\"height\":113,\"caption\":\"Immobilien und Investitionen in der T\u00fcrkei - Alanya Realty\"},\"image\":{\"@id\":\"https:\\\/\\\/alanyarealty.com\\\/de\\\/#\\\/schema\\\/logo\\\/image\\\/\"}}]}<\/script>\n<!-- \/ Yoast SEO plugin. -->","yoast_head_json":{"title":"T\u00fcrkische Staatsb\u00fcrgerschaft - Real Estate and Investment in Turkey - Alanya Realty","description":"T\u00fcrkische Staatsb\u00fcrgerschaft Immobilienkauf in der T\u00fcrkei: Ein Schritt-f\u00fcr-Schritt-Leitfaden zur t\u00fcrkischen Staatsb\u00fcrgerschaftErfahren Sie, wie Sie in der T\u00fcrkei Immobilien kaufen k\u00f6nnen","robots":{"index":"index","follow":"follow","max-snippet":"max-snippet:-1","max-image-preview":"max-image-preview:large","max-video-preview":"max-video-preview:-1"},"canonical":"https:\/\/alanyarealty.com\/de\/tuerkische-staatsbuergerschaft\/","og_locale":"de_DE","og_type":"article","og_title":"T\u00fcrkische Staatsb\u00fcrgerschaft - Real Estate and Investment in Turkey - Alanya Realty","og_description":"T\u00fcrkische Staatsb\u00fcrgerschaft Immobilienkauf in der T\u00fcrkei: Ein Schritt-f\u00fcr-Schritt-Leitfaden zur t\u00fcrkischen Staatsb\u00fcrgerschaftErfahren Sie, wie Sie in der T\u00fcrkei Immobilien kaufen k\u00f6nnen","og_url":"https:\/\/alanyarealty.com\/de\/tuerkische-staatsbuergerschaft\/","og_site_name":"Real Estate and Investment in Turkey - Alanya Realty","article_modified_time":"2025-01-11T09:35:38+00:00","og_image":[{"width":1024,"height":768,"url":"https:\/\/i0.wp.com\/alanyarealty.com\/wp-content\/uploads\/2025\/01\/pasport-resmi-olsun.png?fit=1024%2C768&ssl=1","type":"image\/png"}],"twitter_card":"summary_large_image","schema":{"@context":"https:\/\/schema.org","@graph":[{"@type":"WebPage","@id":"https:\/\/alanyarealty.com\/de\/tuerkische-staatsbuergerschaft\/","url":"https:\/\/alanyarealty.com\/de\/tuerkische-staatsbuergerschaft\/","name":"T\u00fcrkische Staatsb\u00fcrgerschaft - Real Estate and Investment in Turkey - Alanya Realty","isPartOf":{"@id":"https:\/\/alanyarealty.com\/de\/#website"},"primaryImageOfPage":{"@id":"https:\/\/alanyarealty.com\/de\/tuerkische-staatsbuergerschaft\/#primaryimage"},"image":{"@id":"https:\/\/alanyarealty.com\/de\/tuerkische-staatsbuergerschaft\/#primaryimage"},"thumbnailUrl":"https:\/\/i0.wp.com\/alanyarealty.com\/wp-content\/uploads\/2025\/01\/pasport-resmi-olsun.png?fit=1024%2C768&ssl=1","datePublished":"2024-11-14T04:40:01+00:00","dateModified":"2025-01-11T09:35:38+00:00","description":"T\u00fcrkische Staatsb\u00fcrgerschaft Immobilienkauf in der T\u00fcrkei: Ein Schritt-f\u00fcr-Schritt-Leitfaden zur t\u00fcrkischen Staatsb\u00fcrgerschaftErfahren Sie, wie Sie in der T\u00fcrkei Immobilien kaufen k\u00f6nnen","breadcrumb":{"@id":"https:\/\/alanyarealty.com\/de\/tuerkische-staatsbuergerschaft\/#breadcrumb"},"inLanguage":"de","potentialAction":[{"@type":"ReadAction","target":["https:\/\/alanyarealty.com\/de\/tuerkische-staatsbuergerschaft\/"]}]},{"@type":"ImageObject","inLanguage":"de","@id":"https:\/\/alanyarealty.com\/de\/tuerkische-staatsbuergerschaft\/#primaryimage","url":"https:\/\/i0.wp.com\/alanyarealty.com\/wp-content\/uploads\/2025\/01\/pasport-resmi-olsun.png?fit=1024%2C768&ssl=1","contentUrl":"https:\/\/i0.wp.com\/alanyarealty.com\/wp-content\/uploads\/2025\/01\/pasport-resmi-olsun.png?fit=1024%2C768&ssl=1","width":1024,"height":768},{"@type":"BreadcrumbList","@id":"https:\/\/alanyarealty.com\/de\/tuerkische-staatsbuergerschaft\/#breadcrumb","itemListElement":[{"@type":"ListItem","position":1,"name":"Startseite","item":"https:\/\/alanyarealty.com\/de\/homepage\/"},{"@type":"ListItem","position":2,"name":"T\u00fcrkische Staatsb\u00fcrgerschaft"}]},{"@type":"WebSite","@id":"https:\/\/alanyarealty.com\/de\/#website","url":"https:\/\/alanyarealty.com\/de\/","name":"Real Estate and Investment in Turkey - Alanya Realty","description":"","publisher":{"@id":"https:\/\/alanyarealty.com\/de\/#organization"},"potentialAction":[{"@type":"SearchAction","target":{"@type":"EntryPoint","urlTemplate":"https:\/\/alanyarealty.com\/de\/?s={search_term_string}"},"query-input":{"@type":"PropertyValueSpecification","valueRequired":true,"valueName":"search_term_string"}}],"inLanguage":"de"},{"@type":"Organization","@id":"https:\/\/alanyarealty.com\/de\/#organization","name":"Immobilien und Investitionen in der T\u00fcrkei - Alanya Realty","url":"https:\/\/alanyarealty.com\/de\/","logo":{"@type":"ImageObject","inLanguage":"de","@id":"https:\/\/alanyarealty.com\/de\/#\/schema\/logo\/image\/","url":"https:\/\/i0.wp.com\/alanyarealty.com\/wp-content\/uploads\/2024\/11\/alanyarealty-logo.png?fit=300%2C113&ssl=1","contentUrl":"https:\/\/i0.wp.com\/alanyarealty.com\/wp-content\/uploads\/2024\/11\/alanyarealty-logo.png?fit=300%2C113&ssl=1","width":300,"height":113,"caption":"Immobilien und Investitionen in der T\u00fcrkei - Alanya Realty"},"image":{"@id":"https:\/\/alanyarealty.com\/de\/#\/schema\/logo\/image\/"}}]}},"jetpack_sharing_enabled":true,"jetpack_likes_enabled":true,"_links":{"self":[{"href":"https:\/\/alanyarealty.com\/de\/wp-json\/wp\/v2\/pages\/26643","targetHints":{"allow":["GET"]}}],"collection":[{"href":"https:\/\/alanyarealty.com\/de\/wp-json\/wp\/v2\/pages"}],"about":[{"href":"https:\/\/alanyarealty.com\/de\/wp-json\/wp\/v2\/types\/page"}],"author":[{"embeddable":true,"href":"https:\/\/alanyarealty.com\/de\/wp-json\/wp\/v2\/users\/1"}],"replies":[{"embeddable":true,"href":"https:\/\/alanyarealty.com\/de\/wp-json\/wp\/v2\/comments?post=26643"}],"version-history":[{"count":1,"href":"https:\/\/alanyarealty.com\/de\/wp-json\/wp\/v2\/pages\/26643\/revisions"}],"predecessor-version":[{"id":27654,"href":"https:\/\/alanyarealty.com\/de\/wp-json\/wp\/v2\/pages\/26643\/revisions\/27654"}],"wp:featuredmedia":[{"embeddable":true,"href":"https:\/\/alanyarealty.com\/de\/wp-json\/wp\/v2\/media\/27438"}],"wp:attachment":[{"href":"https:\/\/alanyarealty.com\/de\/wp-json\/wp\/v2\/media?parent=26643"}],"curies":[{"name":"wp","href":"https:\/\/api.w.org\/{rel}","templated":true}]}}