{"id":26639,"date":"2024-11-14T04:38:01","date_gmt":"2024-11-14T04:38:01","guid":{"rendered":"https:\/\/alanyarealty.com\/villen\/"},"modified":"2025-01-11T09:36:20","modified_gmt":"2025-01-11T09:36:20","slug":"villen","status":"publish","type":"page","link":"https:\/\/alanyarealty.com\/de\/villen\/","title":{"rendered":"Villen"},"content":{"rendered":"","protected":false},"excerpt":{"rendered":"","protected":false},"author":1,"featured_media":27434,"parent":0,"menu_order":0,"comment_status":"closed","ping_status":"closed","template":"template\/property-listings-map.php","meta":{"footnotes":""},"class_list":["post-26639","page","type-page","status-publish","has-post-thumbnail","hentry"],"yoast_head":"<!-- This site is optimized with the Yoast SEO plugin v27.3 - https:\/\/yoast.com\/product\/yoast-seo-wordpress\/ -->\n<title>Villen - Real Estate and Investment in Turkey - Alanya Realty<\/title>\n<meta name=\"description\" content=\"Villen Warum eine Villa in der T\u00fcrkei kaufen? Ein umfassender LeitfadenEntdecken Sie, warum die T\u00fcrkei das ultimative Ziel f\u00fcr den Kauf einer Villa ist und\" \/>\n<meta name=\"robots\" content=\"index, follow, max-snippet:-1, max-image-preview:large, max-video-preview:-1\" \/>\n<link rel=\"canonical\" href=\"https:\/\/alanyarealty.com\/de\/villen\/\" \/>\n<meta property=\"og:locale\" content=\"de_DE\" \/>\n<meta property=\"og:type\" content=\"article\" \/>\n<meta property=\"og:title\" content=\"Villen - Real Estate and Investment in Turkey - Alanya Realty\" \/>\n<meta property=\"og:description\" content=\"Villen Warum eine Villa in der T\u00fcrkei kaufen? Ein umfassender LeitfadenEntdecken Sie, warum die T\u00fcrkei das ultimative Ziel f\u00fcr den Kauf einer Villa ist und\" \/>\n<meta property=\"og:url\" content=\"https:\/\/alanyarealty.com\/de\/villen\/\" \/>\n<meta property=\"og:site_name\" content=\"Real Estate and Investment in Turkey - Alanya Realty\" \/>\n<meta property=\"article:modified_time\" content=\"2025-01-11T09:36:20+00:00\" \/>\n<meta property=\"og:image\" content=\"https:\/\/i0.wp.com\/alanyarealty.com\/wp-content\/uploads\/2025\/01\/image-6.png?fit=1024%2C768&ssl=1\" \/>\n\t<meta property=\"og:image:width\" content=\"1024\" \/>\n\t<meta property=\"og:image:height\" content=\"768\" \/>\n\t<meta property=\"og:image:type\" content=\"image\/png\" \/>\n<meta name=\"twitter:card\" content=\"summary_large_image\" \/>\n<script type=\"application\/ld+json\" class=\"yoast-schema-graph\">{\"@context\":\"https:\\\/\\\/schema.org\",\"@graph\":[{\"@type\":\"WebPage\",\"@id\":\"https:\\\/\\\/alanyarealty.com\\\/de\\\/villen\\\/\",\"url\":\"https:\\\/\\\/alanyarealty.com\\\/de\\\/villen\\\/\",\"name\":\"Villen - Real Estate and Investment in Turkey - Alanya Realty\",\"isPartOf\":{\"@id\":\"https:\\\/\\\/alanyarealty.com\\\/de\\\/#website\"},\"primaryImageOfPage\":{\"@id\":\"https:\\\/\\\/alanyarealty.com\\\/de\\\/villen\\\/#primaryimage\"},\"image\":{\"@id\":\"https:\\\/\\\/alanyarealty.com\\\/de\\\/villen\\\/#primaryimage\"},\"thumbnailUrl\":\"https:\\\/\\\/i0.wp.com\\\/alanyarealty.com\\\/wp-content\\\/uploads\\\/2025\\\/01\\\/image-6.png?fit=1024%2C768&ssl=1\",\"datePublished\":\"2024-11-14T04:38:01+00:00\",\"dateModified\":\"2025-01-11T09:36:20+00:00\",\"description\":\"Villen Warum eine Villa in der T\u00fcrkei kaufen? Ein umfassender LeitfadenEntdecken Sie, warum die T\u00fcrkei das ultimative Ziel f\u00fcr den Kauf einer Villa ist und\",\"breadcrumb\":{\"@id\":\"https:\\\/\\\/alanyarealty.com\\\/de\\\/villen\\\/#breadcrumb\"},\"inLanguage\":\"de\",\"potentialAction\":[{\"@type\":\"ReadAction\",\"target\":[\"https:\\\/\\\/alanyarealty.com\\\/de\\\/villen\\\/\"]}]},{\"@type\":\"ImageObject\",\"inLanguage\":\"de\",\"@id\":\"https:\\\/\\\/alanyarealty.com\\\/de\\\/villen\\\/#primaryimage\",\"url\":\"https:\\\/\\\/i0.wp.com\\\/alanyarealty.com\\\/wp-content\\\/uploads\\\/2025\\\/01\\\/image-6.png?fit=1024%2C768&ssl=1\",\"contentUrl\":\"https:\\\/\\\/i0.wp.com\\\/alanyarealty.com\\\/wp-content\\\/uploads\\\/2025\\\/01\\\/image-6.png?fit=1024%2C768&ssl=1\",\"width\":1024,\"height\":768},{\"@type\":\"BreadcrumbList\",\"@id\":\"https:\\\/\\\/alanyarealty.com\\\/de\\\/villen\\\/#breadcrumb\",\"itemListElement\":[{\"@type\":\"ListItem\",\"position\":1,\"name\":\"Startseite\",\"item\":\"https:\\\/\\\/alanyarealty.com\\\/de\\\/homepage\\\/\"},{\"@type\":\"ListItem\",\"position\":2,\"name\":\"Villen\"}]},{\"@type\":\"WebSite\",\"@id\":\"https:\\\/\\\/alanyarealty.com\\\/de\\\/#website\",\"url\":\"https:\\\/\\\/alanyarealty.com\\\/de\\\/\",\"name\":\"Real Estate and Investment in Turkey - Alanya Realty\",\"description\":\"\",\"publisher\":{\"@id\":\"https:\\\/\\\/alanyarealty.com\\\/de\\\/#organization\"},\"potentialAction\":[{\"@type\":\"SearchAction\",\"target\":{\"@type\":\"EntryPoint\",\"urlTemplate\":\"https:\\\/\\\/alanyarealty.com\\\/de\\\/?s={search_term_string}\"},\"query-input\":{\"@type\":\"PropertyValueSpecification\",\"valueRequired\":true,\"valueName\":\"search_term_string\"}}],\"inLanguage\":\"de\"},{\"@type\":\"Organization\",\"@id\":\"https:\\\/\\\/alanyarealty.com\\\/de\\\/#organization\",\"name\":\"Immobilien und Investitionen in der T\u00fcrkei - Alanya Realty\",\"url\":\"https:\\\/\\\/alanyarealty.com\\\/de\\\/\",\"logo\":{\"@type\":\"ImageObject\",\"inLanguage\":\"de\",\"@id\":\"https:\\\/\\\/alanyarealty.com\\\/de\\\/#\\\/schema\\\/logo\\\/image\\\/\",\"url\":\"https:\\\/\\\/i0.wp.com\\\/alanyarealty.com\\\/wp-content\\\/uploads\\\/2024\\\/11\\\/alanyarealty-logo.png?fit=300%2C113&ssl=1\",\"contentUrl\":\"https:\\\/\\\/i0.wp.com\\\/alanyarealty.com\\\/wp-content\\\/uploads\\\/2024\\\/11\\\/alanyarealty-logo.png?fit=300%2C113&ssl=1\",\"width\":300,\"height\":113,\"caption\":\"Immobilien und Investitionen in der T\u00fcrkei - Alanya Realty\"},\"image\":{\"@id\":\"https:\\\/\\\/alanyarealty.com\\\/de\\\/#\\\/schema\\\/logo\\\/image\\\/\"}}]}<\/script>\n<!-- \/ Yoast SEO plugin. -->","yoast_head_json":{"title":"Villen - Real Estate and Investment in Turkey - Alanya Realty","description":"Villen Warum eine Villa in der T\u00fcrkei kaufen? Ein umfassender LeitfadenEntdecken Sie, warum die T\u00fcrkei das ultimative Ziel f\u00fcr den Kauf einer Villa ist und","robots":{"index":"index","follow":"follow","max-snippet":"max-snippet:-1","max-image-preview":"max-image-preview:large","max-video-preview":"max-video-preview:-1"},"canonical":"https:\/\/alanyarealty.com\/de\/villen\/","og_locale":"de_DE","og_type":"article","og_title":"Villen - Real Estate and Investment in Turkey - Alanya Realty","og_description":"Villen Warum eine Villa in der T\u00fcrkei kaufen? Ein umfassender LeitfadenEntdecken Sie, warum die T\u00fcrkei das ultimative Ziel f\u00fcr den Kauf einer Villa ist und","og_url":"https:\/\/alanyarealty.com\/de\/villen\/","og_site_name":"Real Estate and Investment in Turkey - Alanya Realty","article_modified_time":"2025-01-11T09:36:20+00:00","og_image":[{"width":1024,"height":768,"url":"https:\/\/i0.wp.com\/alanyarealty.com\/wp-content\/uploads\/2025\/01\/image-6.png?fit=1024%2C768&ssl=1","type":"image\/png"}],"twitter_card":"summary_large_image","schema":{"@context":"https:\/\/schema.org","@graph":[{"@type":"WebPage","@id":"https:\/\/alanyarealty.com\/de\/villen\/","url":"https:\/\/alanyarealty.com\/de\/villen\/","name":"Villen - Real Estate and Investment in Turkey - Alanya Realty","isPartOf":{"@id":"https:\/\/alanyarealty.com\/de\/#website"},"primaryImageOfPage":{"@id":"https:\/\/alanyarealty.com\/de\/villen\/#primaryimage"},"image":{"@id":"https:\/\/alanyarealty.com\/de\/villen\/#primaryimage"},"thumbnailUrl":"https:\/\/i0.wp.com\/alanyarealty.com\/wp-content\/uploads\/2025\/01\/image-6.png?fit=1024%2C768&ssl=1","datePublished":"2024-11-14T04:38:01+00:00","dateModified":"2025-01-11T09:36:20+00:00","description":"Villen Warum eine Villa in der T\u00fcrkei kaufen? Ein umfassender LeitfadenEntdecken Sie, warum die T\u00fcrkei das ultimative Ziel f\u00fcr den Kauf einer Villa ist und","breadcrumb":{"@id":"https:\/\/alanyarealty.com\/de\/villen\/#breadcrumb"},"inLanguage":"de","potentialAction":[{"@type":"ReadAction","target":["https:\/\/alanyarealty.com\/de\/villen\/"]}]},{"@type":"ImageObject","inLanguage":"de","@id":"https:\/\/alanyarealty.com\/de\/villen\/#primaryimage","url":"https:\/\/i0.wp.com\/alanyarealty.com\/wp-content\/uploads\/2025\/01\/image-6.png?fit=1024%2C768&ssl=1","contentUrl":"https:\/\/i0.wp.com\/alanyarealty.com\/wp-content\/uploads\/2025\/01\/image-6.png?fit=1024%2C768&ssl=1","width":1024,"height":768},{"@type":"BreadcrumbList","@id":"https:\/\/alanyarealty.com\/de\/villen\/#breadcrumb","itemListElement":[{"@type":"ListItem","position":1,"name":"Startseite","item":"https:\/\/alanyarealty.com\/de\/homepage\/"},{"@type":"ListItem","position":2,"name":"Villen"}]},{"@type":"WebSite","@id":"https:\/\/alanyarealty.com\/de\/#website","url":"https:\/\/alanyarealty.com\/de\/","name":"Real Estate and Investment in Turkey - Alanya Realty","description":"","publisher":{"@id":"https:\/\/alanyarealty.com\/de\/#organization"},"potentialAction":[{"@type":"SearchAction","target":{"@type":"EntryPoint","urlTemplate":"https:\/\/alanyarealty.com\/de\/?s={search_term_string}"},"query-input":{"@type":"PropertyValueSpecification","valueRequired":true,"valueName":"search_term_string"}}],"inLanguage":"de"},{"@type":"Organization","@id":"https:\/\/alanyarealty.com\/de\/#organization","name":"Immobilien und Investitionen in der T\u00fcrkei - Alanya Realty","url":"https:\/\/alanyarealty.com\/de\/","logo":{"@type":"ImageObject","inLanguage":"de","@id":"https:\/\/alanyarealty.com\/de\/#\/schema\/logo\/image\/","url":"https:\/\/i0.wp.com\/alanyarealty.com\/wp-content\/uploads\/2024\/11\/alanyarealty-logo.png?fit=300%2C113&ssl=1","contentUrl":"https:\/\/i0.wp.com\/alanyarealty.com\/wp-content\/uploads\/2024\/11\/alanyarealty-logo.png?fit=300%2C113&ssl=1","width":300,"height":113,"caption":"Immobilien und Investitionen in der T\u00fcrkei - Alanya Realty"},"image":{"@id":"https:\/\/alanyarealty.com\/de\/#\/schema\/logo\/image\/"}}]}},"jetpack_sharing_enabled":true,"jetpack_likes_enabled":true,"_links":{"self":[{"href":"https:\/\/alanyarealty.com\/de\/wp-json\/wp\/v2\/pages\/26639","targetHints":{"allow":["GET"]}}],"collection":[{"href":"https:\/\/alanyarealty.com\/de\/wp-json\/wp\/v2\/pages"}],"about":[{"href":"https:\/\/alanyarealty.com\/de\/wp-json\/wp\/v2\/types\/page"}],"author":[{"embeddable":true,"href":"https:\/\/alanyarealty.com\/de\/wp-json\/wp\/v2\/users\/1"}],"replies":[{"embeddable":true,"href":"https:\/\/alanyarealty.com\/de\/wp-json\/wp\/v2\/comments?post=26639"}],"version-history":[{"count":3,"href":"https:\/\/alanyarealty.com\/de\/wp-json\/wp\/v2\/pages\/26639\/revisions"}],"predecessor-version":[{"id":27656,"href":"https:\/\/alanyarealty.com\/de\/wp-json\/wp\/v2\/pages\/26639\/revisions\/27656"}],"wp:featuredmedia":[{"embeddable":true,"href":"https:\/\/alanyarealty.com\/de\/wp-json\/wp\/v2\/media\/27434"}],"wp:attachment":[{"href":"https:\/\/alanyarealty.com\/de\/wp-json\/wp\/v2\/media?parent=26639"}],"curies":[{"name":"wp","href":"https:\/\/api.w.org\/{rel}","templated":true}]}}